{"id":34,"date":"2017-09-15T07:24:52","date_gmt":"2017-09-15T07:24:52","guid":{"rendered":"http:\/\/euromak.eu\/?page_id=34"},"modified":"2023-02-01T11:58:12","modified_gmt":"2023-02-01T11:58:12","slug":"%d0%ba%d0%be%d0%bd%d1%82%d0%b0%d0%ba%d1%82-kontakt","status":"publish","type":"page","link":"https:\/\/euromak.eu\/?page_id=34","title":{"rendered":"Kontakt &#8211; \u041a\u043e\u043d\u0442\u0430\u043a\u0442"},"content":{"rendered":"<p><strong>\u00dcbersetzungsb\u00fcro\u00a0<\/strong><strong>euromak Zaovski<\/strong><br \/>\n<strong>IHR EXPERTE\u00a0<\/strong><strong>F\u00dcR DIE\u00a0<\/strong><strong>MAZEDONISCHE\u00a0<\/strong><strong>SPRACHE<\/strong><strong><img loading=\"lazy\" decoding=\"async\" class=\"wp-image-175  alignright\" src=\"http:\/\/euromak.eu\/wp-content\/uploads\/2022\/10\/IMG_20221015_123235_a-228x300.jpg\" alt=\"\" width=\"263\" height=\"346\" srcset=\"https:\/\/euromak.eu\/wp-content\/uploads\/2022\/10\/IMG_20221015_123235_a-228x300.jpg 228w, https:\/\/euromak.eu\/wp-content\/uploads\/2022\/10\/IMG_20221015_123235_a-779x1024.jpg 779w, https:\/\/euromak.eu\/wp-content\/uploads\/2022\/10\/IMG_20221015_123235_a-768x1010.jpg 768w, https:\/\/euromak.eu\/wp-content\/uploads\/2022\/10\/IMG_20221015_123235_a-1168x1536.jpg 1168w, https:\/\/euromak.eu\/wp-content\/uploads\/2022\/10\/IMG_20221015_123235_a-1558x2048.jpg 1558w, https:\/\/euromak.eu\/wp-content\/uploads\/2022\/10\/IMG_20221015_123235_a-scaled.jpg 1947w\" sizes=\"auto, (max-width: 263px) 100vw, 263px\" \/><\/strong><\/p>\n<p>Jonce Zaovski<br \/>\nBetriebswirt (VWA)<br \/>\nDolmetscher und \u00dcbersetzer<br \/>\nf\u00fcr die mazedonische Sprache<\/p>\n<p><em>Allgemein beeidigt und \u00f6ffentlich bestellt<\/em><br \/>\n<em>als Dolmetscher und \u00dcbersetzer<\/em><br \/>\n<em>f\u00fcr die mazedonische Sprache<\/em><br \/>\n<em>beim Landgericht in Offenburg<\/em><br \/>\n<em>(Gesch.-Nr.: E 316 vom 01.12.2005)<\/em><\/p>\n<hr \/>\n<p><strong>Kontaktdaten<\/strong><br \/>\nWalther-Blumenstock-Stra\u00dfe 2<br \/>\nD \u2013 77654 Offenburg<strong><br \/>\n<\/strong>Telefon (D): +49-162-1880475<br \/>\nE-Mail: <a href=\"mailto:info@euromak.eu\">info@euromak.eu<\/a><br \/>\nWeb: <a href=\"http:\/\/www.euromak.eu\">www.euromak.eu<\/a><\/p>\n","protected":false},"excerpt":{"rendered":"<p>\u00dcbersetzungsb\u00fcro\u00a0euromak Zaovski IHR EXPERTE\u00a0F\u00dcR DIE\u00a0MAZEDONISCHE\u00a0SPRACHE Jonce Zaovski Betriebswirt (VWA) Dolmetscher und \u00dcbersetzer f\u00fcr die mazedonische Sprache Allgemein beeidigt und \u00f6ffentlich bestellt als Dolmetscher und \u00dcbersetzer f\u00fcr die mazedonische Sprache beim Landgericht in Offenburg (Gesch.-Nr.: E 316 vom 01.12.2005) Kontaktdaten Walther-Blumenstock-Stra\u00dfe 2 D \u2013 77654 Offenburg Telefon (D): +49-162-1880475 E-Mail: info@euromak.eu Web: www.euromak.eu<\/p>\n","protected":false},"author":1,"featured_media":0,"parent":0,"menu_order":3,"comment_status":"closed","ping_status":"closed","template":"","meta":{"footnotes":""},"class_list":["post-34","page","type-page","status-publish","hentry"],"_links":{"self":[{"href":"https:\/\/euromak.eu\/index.php?rest_route=\/wp\/v2\/pages\/34","targetHints":{"allow":["GET"]}}],"collection":[{"href":"https:\/\/euromak.eu\/index.php?rest_route=\/wp\/v2\/pages"}],"about":[{"href":"https:\/\/euromak.eu\/index.php?rest_route=\/wp\/v2\/types\/page"}],"author":[{"embeddable":true,"href":"https:\/\/euromak.eu\/index.php?rest_route=\/wp\/v2\/users\/1"}],"replies":[{"embeddable":true,"href":"https:\/\/euromak.eu\/index.php?rest_route=%2Fwp%2Fv2%2Fcomments&post=34"}],"version-history":[{"count":31,"href":"https:\/\/euromak.eu\/index.php?rest_route=\/wp\/v2\/pages\/34\/revisions"}],"predecessor-version":[{"id":181,"href":"https:\/\/euromak.eu\/index.php?rest_route=\/wp\/v2\/pages\/34\/revisions\/181"}],"wp:attachment":[{"href":"https:\/\/euromak.eu\/index.php?rest_route=%2Fwp%2Fv2%2Fmedia&parent=34"}],"curies":[{"name":"wp","href":"https:\/\/api.w.org\/{rel}","templated":true}]}}