{"id":2,"date":"2016-05-10T03:48:21","date_gmt":"2016-05-10T03:48:21","guid":{"rendered":"http:\/\/euromak.eu\/?page_id=2"},"modified":"2019-10-25T06:39:54","modified_gmt":"2019-10-25T06:39:54","slug":"%d0%b4%d0%be%d0%b1%d0%b0%d1%80-%d0%b4%d0%b5%d0%bd-und-herzlich-willkommen","status":"publish","type":"page","link":"https:\/\/euromak.eu\/","title":{"rendered":"\u0414\u043e\u0431\u0430\u0440 \u0434\u0435\u043d und herzlich willkommen&#8230;"},"content":{"rendered":"<p><strong><img loading=\"lazy\" decoding=\"async\" class=\"alignnone wp-image-111 alignright\" src=\"http:\/\/euromak.eu\/wp-content\/uploads\/2016\/05\/Stempel.png\" alt=\"\" width=\"162\" height=\"162\" srcset=\"https:\/\/euromak.eu\/wp-content\/uploads\/2016\/05\/Stempel.png 153w, https:\/\/euromak.eu\/wp-content\/uploads\/2016\/05\/Stempel-150x150.png 150w\" sizes=\"auto, (max-width: 162px) 100vw, 162px\" \/><\/strong><b><img loading=\"lazy\" decoding=\"async\" class=\"alignnone wp-image-119\" src=\"http:\/\/euromak.eu\/wp-content\/uploads\/2016\/05\/D_klein.png\" alt=\"\" width=\"50\" height=\"30\"><br \/>\n<\/b><b>Beglaubigte \u00dcbersetzungen aus der mazedonischen in die deutsche Sprache &#8211; hochqualitativ, schnell, professionell!<\/b><\/p>\n<p>H\u00f6chste Qualit\u00e4t durch langj\u00e4hrige Erfahrung &#8211; seit 2005!<\/p>\n<ul>\n<li>Professionelle, diskrete und termintreue Auftragsabwicklung<\/li>\n<li>Ausgezeichnetes Preis-Leistungs-Verh\u00e4ltnis<\/li>\n<li>Permanente und gr\u00fcndliche Qualit\u00e4tskontrolle<br \/>\n<hr>\n<\/li>\n<\/ul>\n<p><strong><img loading=\"lazy\" decoding=\"async\" class=\"alignnone wp-image-120\" src=\"http:\/\/euromak.eu\/wp-content\/uploads\/2016\/05\/MK_klein.png\" alt=\"\" width=\"50\" height=\"25\"><br \/>\n\u0421\u0443\u0434\u0441\u043a\u0438 \u043e\u0432\u043b\u0430\u0441\u0442\u0435\u043d\u0438 \u043f\u0440\u0435\u0432\u043e\u0434\u0438 \u043e\u0434 \u043c\u0430\u043a\u0435\u0434\u043e\u043d\u0441\u043a\u0438 \u043d\u0430 \u0433\u0435\u0440\u043c\u0430\u043d\u0441\u043a\u0438 \u0458\u0430\u0437\u0438\u043a<br \/>\n&#8211; \u043a\u0432\u0430\u043b\u0438\u0442\u0435\u0442\u043d\u043e, \u0431\u0440\u0437\u043e, \u043f\u0440\u043e\u0444\u0435\u0441\u0438\u043e\u043d\u0430\u043b\u043d\u043e!<\/strong><\/p>\n<p>\u041d\u0430\u0458\u0432\u0438\u0441\u043e\u043a \u043a\u0432\u0430\u043b\u0438\u0442\u0435\u0442 \u043f\u0440\u0435\u043a\u0443 \u0434\u043e\u043b\u0433\u043e\u0433\u043e\u0434\u0438\u0448\u043d\u043e \u0438\u0441\u043a\u0443\u0441\u0442\u0432\u043e &#8211; \u043e\u0434&nbsp;2005 \u0433\u043e\u0434\u0438\u043d\u0430!<\/p>\n<ul>\n<li>\u041f\u0440\u043e\u0444\u0435\u0441\u0438\u043d\u0430\u043b\u043d\u043e, \u0434\u0438\u0441\u043a\u0440\u0435\u0442\u043d\u043e \u0438 \u043d\u0430\u0432\u0440\u0435\u043c\u0435\u043d\u043e \u0438\u0437\u0432\u0440\u0448\u0443\u0432\u0430\u045a\u0435 \u043d\u0430 \u0412\u0430\u0448\u0438\u0442\u0435 \u043f\u0440\u0435\u0432\u043e\u0434\u0438<\/li>\n<li>\u041f\u043e\u0432\u043e\u043b\u043d\u0438 \u0446\u0435\u043d\u0438<\/li>\n<li>\u041f\u043e\u0441\u0442\u043e\u0458\u0430\u043d\u0430 \u0438 \u0442\u0435\u043c\u0435\u043b\u043d\u0430 \u043a\u043e\u043d\u0442\u0440\u043e\u043b\u0430 \u043d\u0430 \u043a\u0432\u0430\u043b\u0438\u0442\u0435\u0442\u043e\u0442<\/li>\n<\/ul>\n","protected":false},"excerpt":{"rendered":"<p>Beglaubigte \u00dcbersetzungen aus der mazedonischen in die deutsche Sprache &#8211; hochqualitativ, schnell, professionell! H\u00f6chste Qualit\u00e4t durch langj\u00e4hrige Erfahrung &#8211; seit 2005! Professionelle, diskrete und termintreue Auftragsabwicklung Ausgezeichnetes Preis-Leistungs-Verh\u00e4ltnis Permanente und gr\u00fcndliche Qualit\u00e4tskontrolle \u0421\u0443\u0434\u0441\u043a\u0438 \u043e\u0432\u043b\u0430\u0441\u0442\u0435\u043d\u0438 \u043f\u0440\u0435\u0432\u043e\u0434\u0438 \u043e\u0434 \u043c\u0430\u043a\u0435\u0434\u043e\u043d\u0441\u043a\u0438 \u043d\u0430 \u0433\u0435\u0440\u043c\u0430\u043d\u0441\u043a\u0438 \u0458\u0430\u0437\u0438\u043a &#8211; \u043a\u0432\u0430\u043b\u0438\u0442\u0435\u0442\u043d\u043e, \u0431\u0440\u0437\u043e, \u043f\u0440\u043e\u0444\u0435\u0441\u0438\u043e\u043d\u0430\u043b\u043d\u043e! \u041d\u0430\u0458\u0432\u0438\u0441\u043e\u043a \u043a\u0432\u0430\u043b\u0438\u0442\u0435\u0442 \u043f\u0440\u0435\u043a\u0443 \u0434\u043e\u043b\u0433\u043e\u0433\u043e\u0434\u0438\u0448\u043d\u043e \u0438\u0441\u043a\u0443\u0441\u0442\u0432\u043e &#8211; \u043e\u0434&nbsp;2005 \u0433\u043e\u0434\u0438\u043d\u0430! \u041f\u0440\u043e\u0444\u0435\u0441\u0438\u043d\u0430\u043b\u043d\u043e, \u0434\u0438\u0441\u043a\u0440\u0435\u0442\u043d\u043e \u0438 &hellip; <a href=\"https:\/\/euromak.eu\/\" class=\"more-link\"><span class=\"screen-reader-text\">\u0414\u043e\u0431\u0430\u0440 \u0434\u0435\u043d und herzlich willkommen&#8230;<\/span> weiterlesen<\/a><\/p>\n","protected":false},"author":1,"featured_media":0,"parent":0,"menu_order":1,"comment_status":"closed","ping_status":"closed","template":"","meta":{"footnotes":""},"class_list":["post-2","page","type-page","status-publish","hentry"],"_links":{"self":[{"href":"https:\/\/euromak.eu\/index.php?rest_route=\/wp\/v2\/pages\/2","targetHints":{"allow":["GET"]}}],"collection":[{"href":"https:\/\/euromak.eu\/index.php?rest_route=\/wp\/v2\/pages"}],"about":[{"href":"https:\/\/euromak.eu\/index.php?rest_route=\/wp\/v2\/types\/page"}],"author":[{"embeddable":true,"href":"https:\/\/euromak.eu\/index.php?rest_route=\/wp\/v2\/users\/1"}],"replies":[{"embeddable":true,"href":"https:\/\/euromak.eu\/index.php?rest_route=%2Fwp%2Fv2%2Fcomments&post=2"}],"version-history":[{"count":13,"href":"https:\/\/euromak.eu\/index.php?rest_route=\/wp\/v2\/pages\/2\/revisions"}],"predecessor-version":[{"id":161,"href":"https:\/\/euromak.eu\/index.php?rest_route=\/wp\/v2\/pages\/2\/revisions\/161"}],"wp:attachment":[{"href":"https:\/\/euromak.eu\/index.php?rest_route=%2Fwp%2Fv2%2Fmedia&parent=2"}],"curies":[{"name":"wp","href":"https:\/\/api.w.org\/{rel}","templated":true}]}}