{"id":19,"date":"2017-09-15T06:55:51","date_gmt":"2017-09-15T06:55:51","guid":{"rendered":"http:\/\/euromak.eu\/?page_id=19"},"modified":"2021-01-19T09:38:35","modified_gmt":"2021-01-19T09:38:35","slug":"leistungen-%d1%83%d1%81%d0%bb%d1%83%d0%b3%d0%b8","status":"publish","type":"page","link":"https:\/\/euromak.eu\/?page_id=19","title":{"rendered":"Leistungen &#8211; \u0423\u0441\u043b\u0443\u0433\u0438"},"content":{"rendered":"<div id=\"u_fetchstream_10_6\" class=\"_5aj7 _3-8j\">\n<div class=\"_4bl9\">\n<div class=\"_3-8w\">\n<div id=\"id_59bb76cb33a848171233858\" class=\"text_exposed_root text_exposed\">\n<div class=\"text_exposed_root text_exposed\">\n<p><strong><img loading=\"lazy\" decoding=\"async\" class=\"alignnone wp-image-119\" src=\"http:\/\/euromak.eu\/wp-content\/uploads\/2016\/05\/D_klein.png\" alt=\"\" width=\"49\" height=\"29\" \/><br \/>\n\u00dcbersetzungen und Beglaubigungen von Dokumenten und Urkunde<\/strong><strong><img loading=\"lazy\" decoding=\"async\" class=\"alignnone wp-image-46 alignright\" src=\"http:\/\/euromak.eu\/wp-content\/uploads\/2017\/09\/4-Kontakt-2-300x200.jpg\" alt=\"\" width=\"186\" height=\"124\" srcset=\"https:\/\/euromak.eu\/wp-content\/uploads\/2017\/09\/4-Kontakt-2-300x200.jpg 300w, https:\/\/euromak.eu\/wp-content\/uploads\/2017\/09\/4-Kontakt-2.jpg 400w\" sizes=\"auto, (max-width: 186px) 100vw, 186px\" \/><\/strong><strong>n<\/strong><\/p>\n<ul>\n<li>Geburtsurkunden, Heiratsurkunden,\u00a0Zeugnisse,\u00a0Diplome<\/li>\n<li>Gerichtsurteile,\u00a0F\u00fchrerscheine,\u00a0Vollmachten, \u00e4rztliche Bescheinigungen<\/li>\n<\/ul>\n<p><strong>Dolmetscherdienste<\/strong><\/p>\n<ul>\n<li>Bei Gerichtsverhandlungen, bei Beh\u00f6rdeng\u00e4ngen (Standesamt, Ausl\u00e4nderamt)<\/li>\n<li>bei Notar- und Rechtsanwaltsterminen, bei Gesch\u00e4ftsverhandlungen<\/li>\n<\/ul>\n<\/div>\n<div class=\"text_exposed_root text_exposed\">\n<p><strong>Fach\u00fcbersetzungen<\/strong><\/p>\n<ul>\n<li>Gebrauchsanweisungen,\u00a0Betriebsanleitungen,\u00a0Handb\u00fccher<\/li>\n<li>Technische Dokumentationen,\u00a0Webseiten,\u00a0Literatur,\u00a0Softwarelokalisierung<br \/>\n<hr \/>\n<\/li>\n<\/ul>\n<p><strong><img loading=\"lazy\" decoding=\"async\" class=\"alignnone wp-image-120\" src=\"http:\/\/euromak.eu\/wp-content\/uploads\/2016\/05\/MK_klein.png\" alt=\"\" width=\"50\" height=\"25\" \/><br \/>\n\u0417\u0430\u0432\u0435\u0440\u0435\u043d\u0438 \u043f\u0440\u0435\u0432\u043e\u0434\u0438 \u043d\u0430 \u0441\u0435\u043a\u0430\u043a\u043e\u0432 \u0432\u0438\u0434 \u043d\u0430 \u0434\u043e\u043a\u0443\u043c\u0435\u043d\u0442\u0438<\/strong><\/p>\n<\/div>\n<ul>\n<li>\u0418\u0437\u0432\u043e\u0434\u0438 \u043e\u0434 \u043c\u0430\u0442\u0438\u0447\u043d\u0438 \u043a\u043d\u0438\u0433\u0438, \u0441\u0432\u0438\u0434\u0435\u0442\u0435\u043b\u0441\u0442\u0432\u0430, \u0434\u0438\u043f\u043b\u043e\u043c\u0438<\/li>\n<li>\u0421\u0443\u0434\u0441\u043a\u0438 \u043f\u0440\u0435\u0441\u0443\u0434\u0438, \u043f\u043e\u0442\u0432\u0440\u0434\u0438 \u0438 \u0443\u0432\u0435\u0440\u0435\u043d\u0438\u0458\u0430<\/li>\n<li>\u041b\u0435\u043a\u0430\u0440\u0441\u043a\u0438 \u0438\u0437\u0432\u0435\u0448\u0442\u0430\u0438 \u0438 \u0443\u0432\u0435\u0440\u0435\u043d\u0438\u0458\u0430<\/li>\n<li>\u0412\u043e\u0437\u0430\u0447\u043a\u0438 \u0434\u043e\u0437\u0432\u043e\u043b\u0438<\/li>\n<li>\u041f\u043e\u043b\u043d\u043e\u043c\u043e\u0448\u0442\u0432\u0430<\/li>\n<li>\u0438 \u0434\u0440\u0443\u0433\u0438<\/li>\n<\/ul>\n<p><strong>\u0423\u0441\u043c\u0435\u043d\u0438 \u043f\u0440\u0435\u0432\u043e\u0434\u0438<\/strong><\/p>\n<\/div>\n<div class=\"text_exposed_root text_exposed\">\n<ul>\n<li>\u041f\u0440\u0438 \u0441\u0443\u0434\u0441\u043a\u0438 \u043f\u0440\u043e\u0446\u0435\u0441\u0438, \u043a\u0430\u0458 \u0441\u043b\u0443\u0436\u0431\u0435\u043d\u0438 \u0443\u0441\u0442\u0430\u043d\u043e\u0432\u0438<\/li>\n<li>\u041f\u0440\u0438 \u0440\u0435\u0433\u0438\u0441\u0442\u0440\u0438\u0440\u0430\u045a\u0430 \u043a\u0430\u0458 \u043c\u0430\u0442\u0438\u0447\u0430\u0440<\/li>\n<li>\u041a\u0430\u0458 \u0430\u0434\u0432\u043e\u043a\u0430\u0442\u0441\u043a\u0438 \u0438 \u043d\u043e\u0442\u0430\u0440\u0441\u043a\u0438 \u0442\u0435\u0440\u043c\u0438\u043d\u0438<\/li>\n<li>\u041d\u0430 \u0434\u0435\u043b\u043e\u0432\u043d\u0438 \u043f\u0440\u0435\u0433\u043e\u0432\u043e\u0440\u0438<\/li>\n<li>\u0438 \u0434\u0440\u0443\u0433\u0438<\/li>\n<\/ul>\n<p><strong>\u0421\u0442\u0440\u0443\u0447\u043d\u0438 \u043f\u0440\u0435\u0432\u043e\u0434\u0438<\/strong><\/p>\n<ul>\n<li>\u0423\u043f\u0430\u0442\u0441\u0442\u0432\u0430 \u0437\u0430 \u0443\u043f\u043e\u0442\u0440\u0435\u0431\u0430, \u043f\u0440\u0438\u0440\u0430\u0447\u043d\u0438\u0446\u0438 \u0437\u0430 \u0440\u0430\u0431\u043e\u0442\u0430<\/li>\n<li>\u0422\u0435\u0445\u043d\u0438\u0447\u043a\u0438 \u0434\u043e\u043a\u0443\u043c\u0435\u043d\u0442\u0430\u0446\u0438\u0438, \u0438\u043d\u0442\u0435\u0440\u043d\u0435\u0442-\u0441\u0442\u0440\u0430\u043d\u0438\u0446\u0438<\/li>\n<li>\u041b\u0438\u0442\u0435\u0440\u0430\u0442\u0443\u0440\u0430, \u043b\u043e\u043a\u0430\u043b\u0438\u0437\u0438\u0440\u0430\u045a\u0435 \u043d\u0430 \u0441\u043e\u0444\u0442\u0432\u0435\u0440<\/li>\n<\/ul>\n<\/div>\n<div class=\"text_exposed_root text_exposed\"><\/div>\n<\/div>\n<\/div>\n<\/div>\n","protected":false},"excerpt":{"rendered":"<p>\u00dcbersetzungen und Beglaubigungen von Dokumenten und Urkunden Geburtsurkunden, Heiratsurkunden,\u00a0Zeugnisse,\u00a0Diplome Gerichtsurteile,\u00a0F\u00fchrerscheine,\u00a0Vollmachten, \u00e4rztliche Bescheinigungen Dolmetscherdienste Bei Gerichtsverhandlungen, bei Beh\u00f6rdeng\u00e4ngen (Standesamt, Ausl\u00e4nderamt) bei Notar- und Rechtsanwaltsterminen, bei Gesch\u00e4ftsverhandlungen Fach\u00fcbersetzungen Gebrauchsanweisungen,\u00a0Betriebsanleitungen,\u00a0Handb\u00fccher Technische Dokumentationen,\u00a0Webseiten,\u00a0Literatur,\u00a0Softwarelokalisierung \u0417\u0430\u0432\u0435\u0440\u0435\u043d\u0438 \u043f\u0440\u0435\u0432\u043e\u0434\u0438 \u043d\u0430 \u0441\u0435\u043a\u0430\u043a\u043e\u0432 \u0432\u0438\u0434 \u043d\u0430 \u0434\u043e\u043a\u0443\u043c\u0435\u043d\u0442\u0438 \u0418\u0437\u0432\u043e\u0434\u0438 \u043e\u0434 \u043c\u0430\u0442\u0438\u0447\u043d\u0438 \u043a\u043d\u0438\u0433\u0438, \u0441\u0432\u0438\u0434\u0435\u0442\u0435\u043b\u0441\u0442\u0432\u0430, \u0434\u0438\u043f\u043b\u043e\u043c\u0438 \u0421\u0443\u0434\u0441\u043a\u0438 \u043f\u0440\u0435\u0441\u0443\u0434\u0438, \u043f\u043e\u0442\u0432\u0440\u0434\u0438 \u0438 \u0443\u0432\u0435\u0440\u0435\u043d\u0438\u0458\u0430 \u041b\u0435\u043a\u0430\u0440\u0441\u043a\u0438 \u0438\u0437\u0432\u0435\u0448\u0442\u0430\u0438 \u0438 \u0443\u0432\u0435\u0440\u0435\u043d\u0438\u0458\u0430 \u0412\u043e\u0437\u0430\u0447\u043a\u0438 \u0434\u043e\u0437\u0432\u043e\u043b\u0438 \u041f\u043e\u043b\u043d\u043e\u043c\u043e\u0448\u0442\u0432\u0430 \u0438 &hellip; <a href=\"https:\/\/euromak.eu\/?page_id=19\" class=\"more-link\"><span class=\"screen-reader-text\">Leistungen &#8211; \u0423\u0441\u043b\u0443\u0433\u0438<\/span> weiterlesen<\/a><\/p>\n","protected":false},"author":1,"featured_media":0,"parent":0,"menu_order":2,"comment_status":"closed","ping_status":"closed","template":"","meta":{"footnotes":""},"class_list":["post-19","page","type-page","status-publish","hentry"],"_links":{"self":[{"href":"https:\/\/euromak.eu\/index.php?rest_route=\/wp\/v2\/pages\/19","targetHints":{"allow":["GET"]}}],"collection":[{"href":"https:\/\/euromak.eu\/index.php?rest_route=\/wp\/v2\/pages"}],"about":[{"href":"https:\/\/euromak.eu\/index.php?rest_route=\/wp\/v2\/types\/page"}],"author":[{"embeddable":true,"href":"https:\/\/euromak.eu\/index.php?rest_route=\/wp\/v2\/users\/1"}],"replies":[{"embeddable":true,"href":"https:\/\/euromak.eu\/index.php?rest_route=%2Fwp%2Fv2%2Fcomments&post=19"}],"version-history":[{"count":13,"href":"https:\/\/euromak.eu\/index.php?rest_route=\/wp\/v2\/pages\/19\/revisions"}],"predecessor-version":[{"id":165,"href":"https:\/\/euromak.eu\/index.php?rest_route=\/wp\/v2\/pages\/19\/revisions\/165"}],"wp:attachment":[{"href":"https:\/\/euromak.eu\/index.php?rest_route=%2Fwp%2Fv2%2Fmedia&parent=19"}],"curies":[{"name":"wp","href":"https:\/\/api.w.org\/{rel}","templated":true}]}}